{"id":15,"date":"2023-04-27T09:55:06","date_gmt":"2023-04-27T09:55:06","guid":{"rendered":"https:\/\/heike-otparlik.de\/?page_id=15"},"modified":"2023-04-27T09:55:58","modified_gmt":"2023-04-27T09:55:58","slug":"15-2","status":"publish","type":"page","link":"https:\/\/heike-otparlik.de\/","title":{"rendered":"\u00dcber mich"},"content":{"rendered":"\n<h1 class=\"wp-block-heading\">Mentaltrainerin und Business-Coach Heike Otparlik<\/h1>\n\n\n\n<p>Ich bin Heike Otparlik, Jahrgang&nbsp;1970 und&nbsp;Business- und Mentalcoach. In meiner&nbsp;vielf\u00e4ltigen Arbeit mit Menschen hat mich schon immer der l\u00f6sungsfokussierte und effektive Ansatz&nbsp;von Coaching&nbsp;fasziniert. So habe ich mich entschlossen, mich zum Systemischen&nbsp;Business-Coach bei&nbsp;<a href=\"http:\/\/web.archive.org\/web\/20210728030607\/http:\/\/www.emrich-consulting.de\/\" target=\"_blank\" rel=\"noreferrer noopener\">Emrich Consulting<\/a>&nbsp;in Stuttgart ausbilden zu lassen. Die Ausbildung ist zertifiziert bei der&nbsp;<a href=\"http:\/\/web.archive.org\/web\/20210728030607\/http:\/\/www.international-coaching-association.com\/\" target=\"_blank\" rel=\"noreferrer noopener\">Internationalen-Coaching-Association<\/a>&nbsp;und&nbsp;den dortigen&nbsp;hohen Standards verpflichtet.&nbsp;Weiterhin arbeite ich erfolgreich mit dem effektiven Kurzzeitcoaching wingwave\u00ae. 1995 hatte ich mich zun\u00e4chst dazu entschlossen&nbsp;Theologie zu studieren. Daraus hat sich die Leidenschaft entwickelt, Menschen in ihrer privaten und beruflichen Entwicklung zu unterst\u00fctzen.&nbsp;Au\u00dferdem&nbsp;bin ich Leiterin des deutschlandweiten Netzwerkes \u201e<a href=\"http:\/\/web.archive.org\/web\/20210728030607\/http:\/\/www.frauenmitvision.de\/\" target=\"_blank\" rel=\"noreferrer noopener\">Frauen mit Vision<\/a>.\u201c Dieses Netzwerk unterst\u00fctz Frauen ihre Berufung zu leben, neue Wege zu gehen und innovativ Einfluss in die Gesellschaft zu nehmen. Weiterhin referiere ich zu relevanten Lebensthemen auf Konferenzen, in Workshops und Seminaren sowie auf Frauenfr\u00fchst\u00fcckstreffen.<br>Seit 1997&nbsp; bin ich verheiratet und wir haben&nbsp;zwei T\u00f6chter. Ich bin&nbsp;authentisch, empathisch, herausfordernd und l\u00f6sungsorientiert.&nbsp;Ich m\u00f6chte Menschen motivieren, ihre St\u00e4rken zu nutzen,&nbsp;eigene &nbsp;Lebensziele zu verwirklichen, blockierende Handlungsmuster und Stress aufzul\u00f6sen und ihr individuelles Leben zu kreieren \u2013 erf\u00fcllend und erfolgreich! In meiner Freizeit treibe ich gerne Sport, unternehme St\u00e4dtereisen oder segle mit meinem Mann in deutschen Gew\u00e4ssern und im Ionischen Meer.<\/p>\n","protected":false},"excerpt":{"rendered":"<p>Mentaltrainerin und Business-Coach Heike Otparlik Ich bin Heike Otparlik, Jahrgang&nbsp;1970 und&nbsp;Business- und Mentalcoach. In meiner&nbsp;vielf\u00e4ltigen Arbeit mit Menschen hat mich schon immer der l\u00f6sungsfokussierte und effektive Ansatz&nbsp;von Coaching&nbsp;fasziniert. So habe ich mich entschlossen, mich zum Systemischen&nbsp;Business-Coach bei&nbsp;Emrich Consulting&nbsp;in Stuttgart ausbilden zu lassen. Die Ausbildung ist zertifiziert bei der&nbsp;Internationalen-Coaching-Association&nbsp;und&nbsp;den dortigen&nbsp;hohen Standards verpflichtet.&nbsp;Weiterhin arbeite ich erfolgreich mit &hellip; <\/p>\n<p class=\"link-more\"><a href=\"https:\/\/heike-otparlik.de\/\" class=\"more-link\"><span class=\"screen-reader-text\">\u201e\u00dcber mich\u201c <\/span>weiterlesen<\/a><\/p>\n","protected":false},"author":1,"featured_media":0,"parent":0,"menu_order":0,"comment_status":"closed","ping_status":"closed","template":"page-large-header","meta":{"footnotes":""},"class_list":["post-15","page","type-page","status-publish","hentry"],"_links":{"self":[{"href":"https:\/\/heike-otparlik.de\/index.php\/wp-json\/wp\/v2\/pages\/15","targetHints":{"allow":["GET"]}}],"collection":[{"href":"https:\/\/heike-otparlik.de\/index.php\/wp-json\/wp\/v2\/pages"}],"about":[{"href":"https:\/\/heike-otparlik.de\/index.php\/wp-json\/wp\/v2\/types\/page"}],"author":[{"embeddable":true,"href":"https:\/\/heike-otparlik.de\/index.php\/wp-json\/wp\/v2\/users\/1"}],"replies":[{"embeddable":true,"href":"https:\/\/heike-otparlik.de\/index.php\/wp-json\/wp\/v2\/comments?post=15"}],"version-history":[{"count":2,"href":"https:\/\/heike-otparlik.de\/index.php\/wp-json\/wp\/v2\/pages\/15\/revisions"}],"predecessor-version":[{"id":17,"href":"https:\/\/heike-otparlik.de\/index.php\/wp-json\/wp\/v2\/pages\/15\/revisions\/17"}],"wp:attachment":[{"href":"https:\/\/heike-otparlik.de\/index.php\/wp-json\/wp\/v2\/media?parent=15"}],"curies":[{"name":"wp","href":"https:\/\/api.w.org\/{rel}","templated":true}]}}